{"id":2,"date":"2019-01-02T12:21:48","date_gmt":"2019-01-02T11:21:48","guid":{"rendered":"http:\/\/demo.denras.dk\/cctravel.dk\/blog\/?page_id=2"},"modified":"2022-06-10T13:19:55","modified_gmt":"2022-06-10T11:19:55","slug":"cc-travels-rejseblog","status":"publish","type":"page","link":"https:\/\/cctravel.dk\/blog\/cc-travels-rejseblog\/","title":{"rendered":"C&#038;C Travels rejseblog"},"content":{"rendered":"\n<p>Vi hos C&amp;C Travel er eksperter i rejser \u2013 og derfor har vi ogs\u00e5 mange forskellige eventyr og tips, vi gerne vil dele ud af p\u00e5 en sp\u00e6ndende rejseblog. Vi vil gerne fort\u00e6lle om vores oplevelser rundt omkring i verden, s\u00e5 du kan f\u00e5 inspiration til dine n\u00e6ste rejseoplevelser. Denne her rejseblog er et f\u00e6llesskab, og alle vores blogindl\u00e6g p\u00e5 rejsebloggen er skrevet af passionerede rejseelskere. Hvert \u00e5r rejser vi ud i verden p\u00e5 nye eventyr, og vi kommer hjem med fort\u00e6llinger fra hele verden. Vi h\u00e5ber, at nogle af vores blogindl\u00e6g kan s\u00e6tte gang i rejsedr\u00f8mmene hos dig. Men hvis vi bare kan v\u00e6kke nysgerrighed og inspiration hos dig, er vi nu ogs\u00e5 godt tilfredse.<\/p>\n\n\n\n<p>Vil du have mange flere historier fra hele verden end dem, du kan finde p\u00e5 rejsebloggen? L\u00e6s meget mere om C&amp;C Travel <a href=\"https:\/\/cctravel.dk\/om-os\">her<\/a>! F\u00f8lg os p\u00e5 <a href=\"https:\/\/www.facebook.com\/cctravel\">Facebook<\/a> eller tilmeld dig <a href=\"https:\/\/cctravel.dk\/kontakt\/nyhedsbrev\">vores nyhedsbrev<\/a>.<\/p>\n\n\n\n<p>Bliv her, hvis du vil have rejseinspiration og gode rejsetips.<\/p>\n\n\n\n<p>God l\u00e6selyst<\/p>\n\n\n\n<figure class=\"wp-block-image size-large\"><img loading=\"lazy\" decoding=\"async\" width=\"2048\" height=\"699\" src=\"https:\/\/cctravel.dk\/blog\/wp-content\/uploads\/Logo-med-palme-2048x699.png\" alt=\"C&amp;C Travel - Rejseblog\" class=\"wp-image-3921\" srcset=\"https:\/\/cctravel.dk\/blog\/wp-content\/uploads\/Logo-med-palme-2048x699.png 2048w, https:\/\/cctravel.dk\/blog\/wp-content\/uploads\/Logo-med-palme-900x307.png 900w, https:\/\/cctravel.dk\/blog\/wp-content\/uploads\/Logo-med-palme-768x262.png 768w, https:\/\/cctravel.dk\/blog\/wp-content\/uploads\/Logo-med-palme-1536x524.png 1536w\" sizes=\"auto, (max-width: 2048px) 100vw, 2048px\" \/><\/figure>\n\n\n\n<h2 class=\"wp-block-heading\">C&amp;C Travels mission<\/h2>\n\n\n\n<p>I C&amp;C Travel tror vi helt grundl\u00e6ggende p\u00e5, at det er godt at rejse ud og m\u00f8de verden. Vi tror p\u00e5, at n\u00e5r mennesker m\u00f8des, bidrager det til en st\u00f8rre forst\u00e5else, som bygger bro mellem forskelligheder. Vi vil derfor skabe rejser med et menneskeligt ansigt.<\/p>\n\n\n\n<p>Vi bygger vores rejser p\u00e5 \u00e5benhed og med \u00f8nsket om, at de ogs\u00e5 beriger de mennesker,&nbsp;du m\u00f8der p\u00e5 din vej. Vi g\u00f8r en forskel i det enkelte m\u00f8de og&nbsp;i den enkelte rejse ved at tage ansvar og v\u00e6re t\u00e6t p\u00e5. Vi \u00f8nsker at v\u00e6re noget for andre end os selv.<\/p>\n\n\n\n<p>Som kunde hos os skal du altid f\u00f8le dig velkommen, har du v\u00e6ret her f\u00f8r, genkender vi dig, er det f\u00f8rste gang, du er her,&nbsp;er vi nysgerrige. Rejsen starter altid med din dr\u00f8m. For din rejse er din egen, kompetencen er vores, og sammen g\u00f8r vi rejsedr\u00f8mme til virkelighed. Vi lykkes, n\u00e5r din rejse lykkes.<\/p>\n\n\n\n<p>Vi skaber rejser, hvor mennesker m\u00f8der mennesker i \u00f8jenh\u00f8jde. Vi skr\u00e6ddersyr dem derfor sammen med lokale partnere. Partnere som vi v\u00e6lger ud fra pr\u00e6missen om, at lokal v\u00e6kst er b\u00e6redygtig v\u00e6kst.<\/p>\n\n\n\n<p>Det er her fra, vi kigger ud i verden, bygger fremtidens rejsebureau og skaber rejser med et menneskeligt ansigt.<\/p>\n\n\n\n<h2 class=\"wp-block-heading\">Rejseblog<\/h2>\n","protected":false},"excerpt":{"rendered":"<p>Vi hos C&amp;C Travel er eksperter i rejser \u2013 og derfor har vi ogs\u00e5 mange forskellige eventyr og tips, vi gerne vil dele ud af p\u00e5 en sp\u00e6ndende rejseblog. Vi vil gerne fort\u00e6lle om vores oplevelser rundt omkring i verden, s\u00e5 du kan f\u00e5 inspiration til dine n\u00e6ste rejseoplevelser. Denne [&hellip;]<\/p>\n","protected":false},"author":18,"featured_media":0,"parent":0,"menu_order":0,"comment_status":"closed","ping_status":"open","template":"","meta":{"_acf_changed":false,"footnotes":""},"class_list":["post-2","page","type-page","status-publish","hentry"],"acf":[],"yoast_head":"<!-- This site is optimized with the Yoast SEO Premium plugin v26.7 (Yoast SEO v27.3) - https:\/\/yoast.com\/product\/yoast-seo-premium-wordpress\/ -->\n<title>C&amp;C Travels rejseblog - C&amp;C Travel Blog Rejseblog, Blog, Rejser,<\/title>\n<meta name=\"description\" content=\"Vi har s\u00e5 mange forskellige fort\u00e6llinger, guides og tips, vi gerne vil dele med dig p\u00e5 vores rejseblog. F\u00e5 masser af inspiration lige her!\" \/>\n<meta name=\"robots\" content=\"index, follow, max-snippet:-1, max-image-preview:large, max-video-preview:-1\" \/>\n<link rel=\"canonical\" href=\"https:\/\/cctravel.dk\/blog\/cc-travels-rejseblog\/\" \/>\n<meta property=\"og:locale\" content=\"da_DK\" \/>\n<meta property=\"og:type\" content=\"article\" \/>\n<meta property=\"og:title\" content=\"C&amp;C Travels rejseblog\" \/>\n<meta property=\"og:description\" content=\"Vi har s\u00e5 mange forskellige fort\u00e6llinger, guides og tips, vi gerne vil dele med dig p\u00e5 vores rejseblog. F\u00e5 masser af inspiration lige her!\" \/>\n<meta property=\"og:url\" content=\"https:\/\/cctravel.dk\/blog\/cc-travels-rejseblog\/\" \/>\n<meta property=\"og:site_name\" content=\"C&amp;C Travel Blog\" \/>\n<meta property=\"article:publisher\" content=\"https:\/\/www.facebook.com\/cctravel\" \/>\n<meta property=\"article:modified_time\" content=\"2022-06-10T11:19:55+00:00\" \/>\n<meta property=\"og:image\" content=\"https:\/\/cctravel.dk\/blog\/wp-content\/uploads\/Logo-med-palme-2048x699.png\" \/>\n<meta name=\"twitter:card\" content=\"summary_large_image\" \/>\n<meta name=\"twitter:label1\" content=\"Estimeret l\u00e6setid\" \/>\n\t<meta name=\"twitter:data1\" content=\"3 minutter\" \/>\n<script type=\"application\/ld+json\" class=\"yoast-schema-graph\">{\"@context\":\"https:\\\/\\\/schema.org\",\"@graph\":[{\"@type\":\"WebPage\",\"@id\":\"https:\\\/\\\/cctravel.dk\\\/blog\\\/cc-travels-rejseblog\\\/\",\"url\":\"https:\\\/\\\/cctravel.dk\\\/blog\\\/cc-travels-rejseblog\\\/\",\"name\":\"C&C Travels rejseblog - C&amp;C Travel Blog Rejseblog, Blog, Rejser,\",\"isPartOf\":{\"@id\":\"https:\\\/\\\/cctravel.dk\\\/blog\\\/#website\"},\"primaryImageOfPage\":{\"@id\":\"https:\\\/\\\/cctravel.dk\\\/blog\\\/cc-travels-rejseblog\\\/#primaryimage\"},\"image\":{\"@id\":\"https:\\\/\\\/cctravel.dk\\\/blog\\\/cc-travels-rejseblog\\\/#primaryimage\"},\"thumbnailUrl\":\"https:\\\/\\\/cctravel.dk\\\/blog\\\/wp-content\\\/uploads\\\/Logo-med-palme-2048x699.png\",\"datePublished\":\"2019-01-02T11:21:48+00:00\",\"dateModified\":\"2022-06-10T11:19:55+00:00\",\"description\":\"Vi har s\u00e5 mange forskellige fort\u00e6llinger, guides og tips, vi gerne vil dele med dig p\u00e5 vores rejseblog. F\u00e5 masser af inspiration lige her!\",\"breadcrumb\":{\"@id\":\"https:\\\/\\\/cctravel.dk\\\/blog\\\/cc-travels-rejseblog\\\/#breadcrumb\"},\"inLanguage\":\"da-DK\",\"potentialAction\":[{\"@type\":\"ReadAction\",\"target\":[\"https:\\\/\\\/cctravel.dk\\\/blog\\\/cc-travels-rejseblog\\\/\"]}]},{\"@type\":\"ImageObject\",\"inLanguage\":\"da-DK\",\"@id\":\"https:\\\/\\\/cctravel.dk\\\/blog\\\/cc-travels-rejseblog\\\/#primaryimage\",\"url\":\"https:\\\/\\\/cctravel.dk\\\/blog\\\/wp-content\\\/uploads\\\/Logo-med-palme.png\",\"contentUrl\":\"https:\\\/\\\/cctravel.dk\\\/blog\\\/wp-content\\\/uploads\\\/Logo-med-palme.png\",\"width\":2900,\"height\":990},{\"@type\":\"BreadcrumbList\",\"@id\":\"https:\\\/\\\/cctravel.dk\\\/blog\\\/cc-travels-rejseblog\\\/#breadcrumb\",\"itemListElement\":[{\"@type\":\"ListItem\",\"position\":1,\"name\":\"Blog\",\"item\":\"https:\\\/\\\/cctravel.dk\\\/blog\\\/\"},{\"@type\":\"ListItem\",\"position\":2,\"name\":\"C&#038;C Travels rejseblog\"}]},{\"@type\":\"WebSite\",\"@id\":\"https:\\\/\\\/cctravel.dk\\\/blog\\\/#website\",\"url\":\"https:\\\/\\\/cctravel.dk\\\/blog\\\/\",\"name\":\"C&amp;C Travel Blog\",\"description\":\"Danmarks bedste rejseblog\",\"potentialAction\":[{\"@type\":\"SearchAction\",\"target\":{\"@type\":\"EntryPoint\",\"urlTemplate\":\"https:\\\/\\\/cctravel.dk\\\/blog\\\/?s={search_term_string}\"},\"query-input\":{\"@type\":\"PropertyValueSpecification\",\"valueRequired\":true,\"valueName\":\"search_term_string\"}}],\"inLanguage\":\"da-DK\"}]}<\/script>\n<!-- \/ Yoast SEO Premium plugin. -->","yoast_head_json":{"title":"C&C Travels rejseblog - C&amp;C Travel Blog Rejseblog, Blog, Rejser,","description":"Vi har s\u00e5 mange forskellige fort\u00e6llinger, guides og tips, vi gerne vil dele med dig p\u00e5 vores rejseblog. F\u00e5 masser af inspiration lige her!","robots":{"index":"index","follow":"follow","max-snippet":"max-snippet:-1","max-image-preview":"max-image-preview:large","max-video-preview":"max-video-preview:-1"},"canonical":"https:\/\/cctravel.dk\/blog\/cc-travels-rejseblog\/","og_locale":"da_DK","og_type":"article","og_title":"C&C Travels rejseblog","og_description":"Vi har s\u00e5 mange forskellige fort\u00e6llinger, guides og tips, vi gerne vil dele med dig p\u00e5 vores rejseblog. F\u00e5 masser af inspiration lige her!","og_url":"https:\/\/cctravel.dk\/blog\/cc-travels-rejseblog\/","og_site_name":"C&amp;C Travel Blog","article_publisher":"https:\/\/www.facebook.com\/cctravel","article_modified_time":"2022-06-10T11:19:55+00:00","og_image":[{"url":"https:\/\/cctravel.dk\/blog\/wp-content\/uploads\/Logo-med-palme-2048x699.png","type":"","width":"","height":""}],"twitter_card":"summary_large_image","twitter_misc":{"Estimeret l\u00e6setid":"3 minutter"},"schema":{"@context":"https:\/\/schema.org","@graph":[{"@type":"WebPage","@id":"https:\/\/cctravel.dk\/blog\/cc-travels-rejseblog\/","url":"https:\/\/cctravel.dk\/blog\/cc-travels-rejseblog\/","name":"C&C Travels rejseblog - C&amp;C Travel Blog Rejseblog, Blog, Rejser,","isPartOf":{"@id":"https:\/\/cctravel.dk\/blog\/#website"},"primaryImageOfPage":{"@id":"https:\/\/cctravel.dk\/blog\/cc-travels-rejseblog\/#primaryimage"},"image":{"@id":"https:\/\/cctravel.dk\/blog\/cc-travels-rejseblog\/#primaryimage"},"thumbnailUrl":"https:\/\/cctravel.dk\/blog\/wp-content\/uploads\/Logo-med-palme-2048x699.png","datePublished":"2019-01-02T11:21:48+00:00","dateModified":"2022-06-10T11:19:55+00:00","description":"Vi har s\u00e5 mange forskellige fort\u00e6llinger, guides og tips, vi gerne vil dele med dig p\u00e5 vores rejseblog. F\u00e5 masser af inspiration lige her!","breadcrumb":{"@id":"https:\/\/cctravel.dk\/blog\/cc-travels-rejseblog\/#breadcrumb"},"inLanguage":"da-DK","potentialAction":[{"@type":"ReadAction","target":["https:\/\/cctravel.dk\/blog\/cc-travels-rejseblog\/"]}]},{"@type":"ImageObject","inLanguage":"da-DK","@id":"https:\/\/cctravel.dk\/blog\/cc-travels-rejseblog\/#primaryimage","url":"https:\/\/cctravel.dk\/blog\/wp-content\/uploads\/Logo-med-palme.png","contentUrl":"https:\/\/cctravel.dk\/blog\/wp-content\/uploads\/Logo-med-palme.png","width":2900,"height":990},{"@type":"BreadcrumbList","@id":"https:\/\/cctravel.dk\/blog\/cc-travels-rejseblog\/#breadcrumb","itemListElement":[{"@type":"ListItem","position":1,"name":"Blog","item":"https:\/\/cctravel.dk\/blog\/"},{"@type":"ListItem","position":2,"name":"C&#038;C Travels rejseblog"}]},{"@type":"WebSite","@id":"https:\/\/cctravel.dk\/blog\/#website","url":"https:\/\/cctravel.dk\/blog\/","name":"C&amp;C Travel Blog","description":"Danmarks bedste rejseblog","potentialAction":[{"@type":"SearchAction","target":{"@type":"EntryPoint","urlTemplate":"https:\/\/cctravel.dk\/blog\/?s={search_term_string}"},"query-input":{"@type":"PropertyValueSpecification","valueRequired":true,"valueName":"search_term_string"}}],"inLanguage":"da-DK"}]}},"_links":{"self":[{"href":"https:\/\/cctravel.dk\/blog\/wp-json\/wp\/v2\/pages\/2","targetHints":{"allow":["GET"]}}],"collection":[{"href":"https:\/\/cctravel.dk\/blog\/wp-json\/wp\/v2\/pages"}],"about":[{"href":"https:\/\/cctravel.dk\/blog\/wp-json\/wp\/v2\/types\/page"}],"author":[{"embeddable":true,"href":"https:\/\/cctravel.dk\/blog\/wp-json\/wp\/v2\/users\/18"}],"replies":[{"embeddable":true,"href":"https:\/\/cctravel.dk\/blog\/wp-json\/wp\/v2\/comments?post=2"}],"version-history":[{"count":7,"href":"https:\/\/cctravel.dk\/blog\/wp-json\/wp\/v2\/pages\/2\/revisions"}],"predecessor-version":[{"id":7895,"href":"https:\/\/cctravel.dk\/blog\/wp-json\/wp\/v2\/pages\/2\/revisions\/7895"}],"wp:attachment":[{"href":"https:\/\/cctravel.dk\/blog\/wp-json\/wp\/v2\/media?parent=2"}],"curies":[{"name":"wp","href":"https:\/\/api.w.org\/{rel}","templated":true}]}}