{"id":22,"date":"2019-01-03T01:23:33","date_gmt":"2019-01-03T00:23:33","guid":{"rendered":"http:\/\/demo.denras.dk\/cctravel.dk\/blog\/?page_id=22"},"modified":"2024-07-11T08:59:58","modified_gmt":"2024-07-11T06:59:58","slug":"forfattere","status":"publish","type":"page","link":"https:\/\/cctravel.dk\/blog\/forfattere\/","title":{"rendered":"Forfattere"},"content":{"rendered":"","protected":false},"excerpt":{"rendered":"","protected":false},"author":30,"featured_media":0,"parent":0,"menu_order":0,"comment_status":"closed","ping_status":"closed","template":"page-templates\/page-authors.php","meta":{"_acf_changed":false,"footnotes":""},"class_list":["post-22","page","type-page","status-publish","hentry"],"acf":[],"yoast_head":"<!-- This site is optimized with the Yoast SEO Premium plugin v26.7 (Yoast SEO v27.4) - https:\/\/yoast.com\/product\/yoast-seo-premium-wordpress\/ -->\n<title>Forfattere - Eksperterne fort\u00e6ller - C&amp;C Travel Blog<\/title>\n<meta name=\"description\" content=\"M\u00f8d alle vores sk\u00f8nne forfattere, de fort\u00e6ller hver deres rejse ud i verden. Vil du gerne f\u00f8lge med i deres rejser, s\u00e5 kan se mere her.\" \/>\n<meta name=\"robots\" content=\"noindex, nofollow\" \/>\n<meta property=\"og:locale\" content=\"da_DK\" \/>\n<meta property=\"og:type\" content=\"article\" \/>\n<meta property=\"og:title\" content=\"Forfattere\" \/>\n<meta property=\"og:description\" content=\"M\u00f8d alle vores sk\u00f8nne forfattere, de fort\u00e6ller hver deres rejse ud i verden. Vil du gerne f\u00f8lge med i deres rejser, s\u00e5 kan se mere her.\" \/>\n<meta property=\"og:url\" content=\"https:\/\/cctravel.dk\/blog\/forfattere\/\" \/>\n<meta property=\"og:site_name\" content=\"C&amp;C Travel Blog\" \/>\n<meta property=\"article:publisher\" content=\"https:\/\/www.facebook.com\/cctravel\" \/>\n<meta property=\"article:modified_time\" content=\"2024-07-11T06:59:58+00:00\" \/>\n<meta name=\"twitter:card\" content=\"summary_large_image\" \/>\n<script type=\"application\/ld+json\" class=\"yoast-schema-graph\">{\"@context\":\"https:\\\/\\\/schema.org\",\"@graph\":[{\"@type\":\"WebPage\",\"@id\":\"https:\\\/\\\/cctravel.dk\\\/blog\\\/forfattere\\\/\",\"url\":\"https:\\\/\\\/cctravel.dk\\\/blog\\\/forfattere\\\/\",\"name\":\"Forfattere - Eksperterne fort\u00e6ller - C&amp;C Travel Blog\",\"isPartOf\":{\"@id\":\"https:\\\/\\\/cctravel.dk\\\/blog\\\/#website\"},\"datePublished\":\"2019-01-03T00:23:33+00:00\",\"dateModified\":\"2024-07-11T06:59:58+00:00\",\"description\":\"M\u00f8d alle vores sk\u00f8nne forfattere, de fort\u00e6ller hver deres rejse ud i verden. Vil du gerne f\u00f8lge med i deres rejser, s\u00e5 kan se mere her.\",\"breadcrumb\":{\"@id\":\"https:\\\/\\\/cctravel.dk\\\/blog\\\/forfattere\\\/#breadcrumb\"},\"inLanguage\":\"da-DK\",\"potentialAction\":[{\"@type\":\"ReadAction\",\"target\":[\"https:\\\/\\\/cctravel.dk\\\/blog\\\/forfattere\\\/\"]}]},{\"@type\":\"BreadcrumbList\",\"@id\":\"https:\\\/\\\/cctravel.dk\\\/blog\\\/forfattere\\\/#breadcrumb\",\"itemListElement\":[{\"@type\":\"ListItem\",\"position\":1,\"name\":\"Blog\",\"item\":\"https:\\\/\\\/cctravel.dk\\\/blog\\\/\"},{\"@type\":\"ListItem\",\"position\":2,\"name\":\"Forfattere\"}]},{\"@type\":\"WebSite\",\"@id\":\"https:\\\/\\\/cctravel.dk\\\/blog\\\/#website\",\"url\":\"https:\\\/\\\/cctravel.dk\\\/blog\\\/\",\"name\":\"C&amp;C Travel Blog\",\"description\":\"Danmarks bedste rejseblog\",\"potentialAction\":[{\"@type\":\"SearchAction\",\"target\":{\"@type\":\"EntryPoint\",\"urlTemplate\":\"https:\\\/\\\/cctravel.dk\\\/blog\\\/?s={search_term_string}\"},\"query-input\":{\"@type\":\"PropertyValueSpecification\",\"valueRequired\":true,\"valueName\":\"search_term_string\"}}],\"inLanguage\":\"da-DK\"}]}<\/script>\n<!-- \/ Yoast SEO Premium plugin. -->","yoast_head_json":{"title":"Forfattere - Eksperterne fort\u00e6ller - C&amp;C Travel Blog","description":"M\u00f8d alle vores sk\u00f8nne forfattere, de fort\u00e6ller hver deres rejse ud i verden. Vil du gerne f\u00f8lge med i deres rejser, s\u00e5 kan se mere her.","robots":{"index":"noindex","follow":"nofollow"},"og_locale":"da_DK","og_type":"article","og_title":"Forfattere","og_description":"M\u00f8d alle vores sk\u00f8nne forfattere, de fort\u00e6ller hver deres rejse ud i verden. Vil du gerne f\u00f8lge med i deres rejser, s\u00e5 kan se mere her.","og_url":"https:\/\/cctravel.dk\/blog\/forfattere\/","og_site_name":"C&amp;C Travel Blog","article_publisher":"https:\/\/www.facebook.com\/cctravel","article_modified_time":"2024-07-11T06:59:58+00:00","twitter_card":"summary_large_image","schema":{"@context":"https:\/\/schema.org","@graph":[{"@type":"WebPage","@id":"https:\/\/cctravel.dk\/blog\/forfattere\/","url":"https:\/\/cctravel.dk\/blog\/forfattere\/","name":"Forfattere - Eksperterne fort\u00e6ller - C&amp;C Travel Blog","isPartOf":{"@id":"https:\/\/cctravel.dk\/blog\/#website"},"datePublished":"2019-01-03T00:23:33+00:00","dateModified":"2024-07-11T06:59:58+00:00","description":"M\u00f8d alle vores sk\u00f8nne forfattere, de fort\u00e6ller hver deres rejse ud i verden. Vil du gerne f\u00f8lge med i deres rejser, s\u00e5 kan se mere her.","breadcrumb":{"@id":"https:\/\/cctravel.dk\/blog\/forfattere\/#breadcrumb"},"inLanguage":"da-DK","potentialAction":[{"@type":"ReadAction","target":["https:\/\/cctravel.dk\/blog\/forfattere\/"]}]},{"@type":"BreadcrumbList","@id":"https:\/\/cctravel.dk\/blog\/forfattere\/#breadcrumb","itemListElement":[{"@type":"ListItem","position":1,"name":"Blog","item":"https:\/\/cctravel.dk\/blog\/"},{"@type":"ListItem","position":2,"name":"Forfattere"}]},{"@type":"WebSite","@id":"https:\/\/cctravel.dk\/blog\/#website","url":"https:\/\/cctravel.dk\/blog\/","name":"C&amp;C Travel Blog","description":"Danmarks bedste rejseblog","potentialAction":[{"@type":"SearchAction","target":{"@type":"EntryPoint","urlTemplate":"https:\/\/cctravel.dk\/blog\/?s={search_term_string}"},"query-input":{"@type":"PropertyValueSpecification","valueRequired":true,"valueName":"search_term_string"}}],"inLanguage":"da-DK"}]}},"_links":{"self":[{"href":"https:\/\/cctravel.dk\/blog\/wp-json\/wp\/v2\/pages\/22","targetHints":{"allow":["GET"]}}],"collection":[{"href":"https:\/\/cctravel.dk\/blog\/wp-json\/wp\/v2\/pages"}],"about":[{"href":"https:\/\/cctravel.dk\/blog\/wp-json\/wp\/v2\/types\/page"}],"author":[{"embeddable":true,"href":"https:\/\/cctravel.dk\/blog\/wp-json\/wp\/v2\/users\/30"}],"replies":[{"embeddable":true,"href":"https:\/\/cctravel.dk\/blog\/wp-json\/wp\/v2\/comments?post=22"}],"version-history":[{"count":1,"href":"https:\/\/cctravel.dk\/blog\/wp-json\/wp\/v2\/pages\/22\/revisions"}],"predecessor-version":[{"id":358,"href":"https:\/\/cctravel.dk\/blog\/wp-json\/wp\/v2\/pages\/22\/revisions\/358"}],"wp:attachment":[{"href":"https:\/\/cctravel.dk\/blog\/wp-json\/wp\/v2\/media?parent=22"}],"curies":[{"name":"wp","href":"https:\/\/api.w.org\/{rel}","templated":true}]}}