{"id":348,"date":"2019-02-20T06:29:33","date_gmt":"2019-02-20T05:29:33","guid":{"rendered":"https:\/\/cctravel.dk\/blog\/?page_id=348"},"modified":"2019-07-12T14:53:26","modified_gmt":"2019-07-12T12:53:26","slug":"guide","status":"publish","type":"page","link":"https:\/\/cctravel.dk\/blog\/guide\/","title":{"rendered":"Guides"},"content":{"rendered":"\n<p>Os fra C&amp;C Travel er eksperter i rejser \u2013 og derfor har vi ogs\u00e5 mange forskellige tips, vi gerne vil dele ud af. Vi h\u00e5ber, at vores guides kan v\u00e6kke nysgerrighed, inspiration og om ikke andet bidrage med lidt ny viden til dig.<\/p>\n\n\n\n<p>Har du selv nogle gode tips? Skriv dem gerne til os i kommentarfeltet! <\/p>\n","protected":false},"excerpt":{"rendered":"<p>Os fra C&amp;C Travel er eksperter i rejser \u2013 og derfor har vi ogs\u00e5 mange forskellige tips, vi gerne vil dele ud af. Vi h\u00e5ber, at vores guides kan v\u00e6kke nysgerrighed, inspiration og om ikke andet bidrage med lidt ny viden til dig. Har du selv nogle gode tips? Skriv [&hellip;]<\/p>\n","protected":false},"author":18,"featured_media":0,"parent":0,"menu_order":0,"comment_status":"closed","ping_status":"closed","template":"page-templates\/page-guides.php","meta":{"_acf_changed":false,"footnotes":""},"class_list":["post-348","page","type-page","status-publish","hentry"],"acf":[],"yoast_head":"<!-- This site is optimized with the Yoast SEO Premium plugin v26.7 (Yoast SEO v27.4) - https:\/\/yoast.com\/product\/yoast-seo-premium-wordpress\/ -->\n<title>Guides - C&amp;C Travel Blog<\/title>\n<meta name=\"description\" content=\"Os fra C&amp;C Travel er eksperter i rejser \u2013 og derfor har vi ogs\u00e5 mange forskellige tips, vi gerne vil dele ud af. Se mere her.\" \/>\n<meta name=\"robots\" content=\"index, follow, max-snippet:-1, max-image-preview:large, max-video-preview:-1\" \/>\n<link rel=\"canonical\" href=\"https:\/\/cctravel.dk\/blog\/guide\/\" \/>\n<meta property=\"og:locale\" content=\"da_DK\" \/>\n<meta property=\"og:type\" content=\"article\" \/>\n<meta property=\"og:title\" content=\"Guides\" \/>\n<meta property=\"og:description\" content=\"Os fra C&amp;C Travel er eksperter i rejser \u2013 og derfor har vi ogs\u00e5 mange forskellige tips, vi gerne vil dele ud af. Se mere her.\" \/>\n<meta property=\"og:url\" content=\"https:\/\/cctravel.dk\/blog\/guide\/\" \/>\n<meta property=\"og:site_name\" content=\"C&amp;C Travel Blog\" \/>\n<meta property=\"article:publisher\" content=\"https:\/\/www.facebook.com\/cctravel\" \/>\n<meta property=\"article:modified_time\" content=\"2019-07-12T12:53:26+00:00\" \/>\n<meta name=\"twitter:card\" content=\"summary_large_image\" \/>\n<script type=\"application\/ld+json\" class=\"yoast-schema-graph\">{\"@context\":\"https:\\\/\\\/schema.org\",\"@graph\":[{\"@type\":\"WebPage\",\"@id\":\"https:\\\/\\\/cctravel.dk\\\/blog\\\/guide\\\/\",\"url\":\"https:\\\/\\\/cctravel.dk\\\/blog\\\/guide\\\/\",\"name\":\"Guides - C&amp;C Travel Blog\",\"isPartOf\":{\"@id\":\"https:\\\/\\\/cctravel.dk\\\/blog\\\/#website\"},\"datePublished\":\"2019-02-20T05:29:33+00:00\",\"dateModified\":\"2019-07-12T12:53:26+00:00\",\"description\":\"Os fra C&C Travel er eksperter i rejser \u2013 og derfor har vi ogs\u00e5 mange forskellige tips, vi gerne vil dele ud af. Se mere her.\",\"breadcrumb\":{\"@id\":\"https:\\\/\\\/cctravel.dk\\\/blog\\\/guide\\\/#breadcrumb\"},\"inLanguage\":\"da-DK\",\"potentialAction\":[{\"@type\":\"ReadAction\",\"target\":[\"https:\\\/\\\/cctravel.dk\\\/blog\\\/guide\\\/\"]}]},{\"@type\":\"BreadcrumbList\",\"@id\":\"https:\\\/\\\/cctravel.dk\\\/blog\\\/guide\\\/#breadcrumb\",\"itemListElement\":[{\"@type\":\"ListItem\",\"position\":1,\"name\":\"Blog\",\"item\":\"https:\\\/\\\/cctravel.dk\\\/blog\\\/\"},{\"@type\":\"ListItem\",\"position\":2,\"name\":\"Guides\"}]},{\"@type\":\"WebSite\",\"@id\":\"https:\\\/\\\/cctravel.dk\\\/blog\\\/#website\",\"url\":\"https:\\\/\\\/cctravel.dk\\\/blog\\\/\",\"name\":\"C&amp;C Travel Blog\",\"description\":\"Danmarks bedste rejseblog\",\"potentialAction\":[{\"@type\":\"SearchAction\",\"target\":{\"@type\":\"EntryPoint\",\"urlTemplate\":\"https:\\\/\\\/cctravel.dk\\\/blog\\\/?s={search_term_string}\"},\"query-input\":{\"@type\":\"PropertyValueSpecification\",\"valueRequired\":true,\"valueName\":\"search_term_string\"}}],\"inLanguage\":\"da-DK\"}]}<\/script>\n<!-- \/ Yoast SEO Premium plugin. -->","yoast_head_json":{"title":"Guides - C&amp;C Travel Blog","description":"Os fra C&C Travel er eksperter i rejser \u2013 og derfor har vi ogs\u00e5 mange forskellige tips, vi gerne vil dele ud af. Se mere her.","robots":{"index":"index","follow":"follow","max-snippet":"max-snippet:-1","max-image-preview":"max-image-preview:large","max-video-preview":"max-video-preview:-1"},"canonical":"https:\/\/cctravel.dk\/blog\/guide\/","og_locale":"da_DK","og_type":"article","og_title":"Guides","og_description":"Os fra C&C Travel er eksperter i rejser \u2013 og derfor har vi ogs\u00e5 mange forskellige tips, vi gerne vil dele ud af. Se mere her.","og_url":"https:\/\/cctravel.dk\/blog\/guide\/","og_site_name":"C&amp;C Travel Blog","article_publisher":"https:\/\/www.facebook.com\/cctravel","article_modified_time":"2019-07-12T12:53:26+00:00","twitter_card":"summary_large_image","schema":{"@context":"https:\/\/schema.org","@graph":[{"@type":"WebPage","@id":"https:\/\/cctravel.dk\/blog\/guide\/","url":"https:\/\/cctravel.dk\/blog\/guide\/","name":"Guides - C&amp;C Travel Blog","isPartOf":{"@id":"https:\/\/cctravel.dk\/blog\/#website"},"datePublished":"2019-02-20T05:29:33+00:00","dateModified":"2019-07-12T12:53:26+00:00","description":"Os fra C&C Travel er eksperter i rejser \u2013 og derfor har vi ogs\u00e5 mange forskellige tips, vi gerne vil dele ud af. Se mere her.","breadcrumb":{"@id":"https:\/\/cctravel.dk\/blog\/guide\/#breadcrumb"},"inLanguage":"da-DK","potentialAction":[{"@type":"ReadAction","target":["https:\/\/cctravel.dk\/blog\/guide\/"]}]},{"@type":"BreadcrumbList","@id":"https:\/\/cctravel.dk\/blog\/guide\/#breadcrumb","itemListElement":[{"@type":"ListItem","position":1,"name":"Blog","item":"https:\/\/cctravel.dk\/blog\/"},{"@type":"ListItem","position":2,"name":"Guides"}]},{"@type":"WebSite","@id":"https:\/\/cctravel.dk\/blog\/#website","url":"https:\/\/cctravel.dk\/blog\/","name":"C&amp;C Travel Blog","description":"Danmarks bedste rejseblog","potentialAction":[{"@type":"SearchAction","target":{"@type":"EntryPoint","urlTemplate":"https:\/\/cctravel.dk\/blog\/?s={search_term_string}"},"query-input":{"@type":"PropertyValueSpecification","valueRequired":true,"valueName":"search_term_string"}}],"inLanguage":"da-DK"}]}},"_links":{"self":[{"href":"https:\/\/cctravel.dk\/blog\/wp-json\/wp\/v2\/pages\/348","targetHints":{"allow":["GET"]}}],"collection":[{"href":"https:\/\/cctravel.dk\/blog\/wp-json\/wp\/v2\/pages"}],"about":[{"href":"https:\/\/cctravel.dk\/blog\/wp-json\/wp\/v2\/types\/page"}],"author":[{"embeddable":true,"href":"https:\/\/cctravel.dk\/blog\/wp-json\/wp\/v2\/users\/18"}],"replies":[{"embeddable":true,"href":"https:\/\/cctravel.dk\/blog\/wp-json\/wp\/v2\/comments?post=348"}],"version-history":[{"count":2,"href":"https:\/\/cctravel.dk\/blog\/wp-json\/wp\/v2\/pages\/348\/revisions"}],"predecessor-version":[{"id":654,"href":"https:\/\/cctravel.dk\/blog\/wp-json\/wp\/v2\/pages\/348\/revisions\/654"}],"wp:attachment":[{"href":"https:\/\/cctravel.dk\/blog\/wp-json\/wp\/v2\/media?parent=348"}],"curies":[{"name":"wp","href":"https:\/\/api.w.org\/{rel}","templated":true}]}}