{"id":56,"date":"2019-01-04T09:45:59","date_gmt":"2019-01-04T08:45:59","guid":{"rendered":"http:\/\/demo.denras.dk\/cctravel.dk\/blog\/?page_id=56"},"modified":"2024-01-02T09:47:39","modified_gmt":"2024-01-02T08:47:39","slug":"lande","status":"publish","type":"page","link":"https:\/\/cctravel.dk\/blog\/lande\/","title":{"rendered":"Lande"},"content":{"rendered":"\n<p>C&amp;C Travels verden er stor, og den bliver hele tiden st\u00f8rre, n\u00e5r vi kommer hjem fra nye eventyr. Hvor i verden dr\u00f8mmer du dig hen? V\u00e6lg det land, der s\u00e6tter gang i dine rejsedr\u00f8mme herunder! Forh\u00e5bentlig kan vi v\u00e6kke lidt inspiration, rejselyst og nysgerrighed hos dig.<\/p>\n","protected":false},"excerpt":{"rendered":"<p>C&amp;C Travels verden er stor, og den bliver hele tiden st\u00f8rre, n\u00e5r vi kommer hjem fra nye eventyr. Hvor i verden dr\u00f8mmer du dig hen? V\u00e6lg det land, der s\u00e6tter gang i dine rejsedr\u00f8mme herunder! Forh\u00e5bentlig kan vi v\u00e6kke lidt inspiration, rejselyst og nysgerrighed hos dig.<\/p>\n","protected":false},"author":30,"featured_media":0,"parent":0,"menu_order":0,"comment_status":"closed","ping_status":"closed","template":"page-templates\/page-countries.php","meta":{"_acf_changed":false,"footnotes":""},"class_list":["post-56","page","type-page","status-publish","hentry"],"acf":[],"yoast_head":"<!-- This site is optimized with the Yoast SEO Premium plugin v26.7 (Yoast SEO v27.3) - https:\/\/yoast.com\/product\/yoast-seo-premium-wordpress\/ -->\n<title>L\u00e6s eksperternes rejseblogs fra hele verden - C&amp;C Travel Blog<\/title>\n<meta name=\"description\" content=\"C&amp;C Travels verden er stor, og den bliver hele tiden st\u00f8rre, n\u00e5r vi kommer hjem fra nye eventyr. L\u00e6s alle vores rejseblogs her!\" \/>\n<meta name=\"robots\" content=\"index, follow, max-snippet:-1, max-image-preview:large, max-video-preview:-1\" \/>\n<link rel=\"canonical\" href=\"https:\/\/cctravel.dk\/blog\/lande\/\" \/>\n<meta property=\"og:locale\" content=\"da_DK\" \/>\n<meta property=\"og:type\" content=\"article\" \/>\n<meta property=\"og:title\" content=\"Lande\" \/>\n<meta property=\"og:description\" content=\"C&amp;C Travels verden er stor, og den bliver hele tiden st\u00f8rre, n\u00e5r vi kommer hjem fra nye eventyr. L\u00e6s alle vores rejseblogs her!\" \/>\n<meta property=\"og:url\" content=\"https:\/\/cctravel.dk\/blog\/lande\/\" \/>\n<meta property=\"og:site_name\" content=\"C&amp;C Travel Blog\" \/>\n<meta property=\"article:publisher\" content=\"https:\/\/www.facebook.com\/cctravel\" \/>\n<meta property=\"article:modified_time\" content=\"2024-01-02T08:47:39+00:00\" \/>\n<meta name=\"twitter:card\" content=\"summary_large_image\" \/>\n<meta name=\"twitter:label1\" content=\"Estimeret l\u00e6setid\" \/>\n\t<meta name=\"twitter:data1\" content=\"1 minut\" \/>\n<script type=\"application\/ld+json\" class=\"yoast-schema-graph\">{\"@context\":\"https:\\\/\\\/schema.org\",\"@graph\":[{\"@type\":\"WebPage\",\"@id\":\"https:\\\/\\\/cctravel.dk\\\/blog\\\/lande\\\/\",\"url\":\"https:\\\/\\\/cctravel.dk\\\/blog\\\/lande\\\/\",\"name\":\"L\u00e6s eksperternes rejseblogs fra hele verden - C&amp;C Travel Blog\",\"isPartOf\":{\"@id\":\"https:\\\/\\\/cctravel.dk\\\/blog\\\/#website\"},\"datePublished\":\"2019-01-04T08:45:59+00:00\",\"dateModified\":\"2024-01-02T08:47:39+00:00\",\"description\":\"C&C Travels verden er stor, og den bliver hele tiden st\u00f8rre, n\u00e5r vi kommer hjem fra nye eventyr. L\u00e6s alle vores rejseblogs her!\",\"breadcrumb\":{\"@id\":\"https:\\\/\\\/cctravel.dk\\\/blog\\\/lande\\\/#breadcrumb\"},\"inLanguage\":\"da-DK\",\"potentialAction\":[{\"@type\":\"ReadAction\",\"target\":[\"https:\\\/\\\/cctravel.dk\\\/blog\\\/lande\\\/\"]}]},{\"@type\":\"BreadcrumbList\",\"@id\":\"https:\\\/\\\/cctravel.dk\\\/blog\\\/lande\\\/#breadcrumb\",\"itemListElement\":[{\"@type\":\"ListItem\",\"position\":1,\"name\":\"Blog\",\"item\":\"https:\\\/\\\/cctravel.dk\\\/blog\\\/\"},{\"@type\":\"ListItem\",\"position\":2,\"name\":\"Lande\"}]},{\"@type\":\"WebSite\",\"@id\":\"https:\\\/\\\/cctravel.dk\\\/blog\\\/#website\",\"url\":\"https:\\\/\\\/cctravel.dk\\\/blog\\\/\",\"name\":\"C&amp;C Travel Blog\",\"description\":\"Danmarks bedste rejseblog\",\"potentialAction\":[{\"@type\":\"SearchAction\",\"target\":{\"@type\":\"EntryPoint\",\"urlTemplate\":\"https:\\\/\\\/cctravel.dk\\\/blog\\\/?s={search_term_string}\"},\"query-input\":{\"@type\":\"PropertyValueSpecification\",\"valueRequired\":true,\"valueName\":\"search_term_string\"}}],\"inLanguage\":\"da-DK\"}]}<\/script>\n<!-- \/ Yoast SEO Premium plugin. -->","yoast_head_json":{"title":"L\u00e6s eksperternes rejseblogs fra hele verden - C&amp;C Travel Blog","description":"C&C Travels verden er stor, og den bliver hele tiden st\u00f8rre, n\u00e5r vi kommer hjem fra nye eventyr. L\u00e6s alle vores rejseblogs her!","robots":{"index":"index","follow":"follow","max-snippet":"max-snippet:-1","max-image-preview":"max-image-preview:large","max-video-preview":"max-video-preview:-1"},"canonical":"https:\/\/cctravel.dk\/blog\/lande\/","og_locale":"da_DK","og_type":"article","og_title":"Lande","og_description":"C&C Travels verden er stor, og den bliver hele tiden st\u00f8rre, n\u00e5r vi kommer hjem fra nye eventyr. L\u00e6s alle vores rejseblogs her!","og_url":"https:\/\/cctravel.dk\/blog\/lande\/","og_site_name":"C&amp;C Travel Blog","article_publisher":"https:\/\/www.facebook.com\/cctravel","article_modified_time":"2024-01-02T08:47:39+00:00","twitter_card":"summary_large_image","twitter_misc":{"Estimeret l\u00e6setid":"1 minut"},"schema":{"@context":"https:\/\/schema.org","@graph":[{"@type":"WebPage","@id":"https:\/\/cctravel.dk\/blog\/lande\/","url":"https:\/\/cctravel.dk\/blog\/lande\/","name":"L\u00e6s eksperternes rejseblogs fra hele verden - C&amp;C Travel Blog","isPartOf":{"@id":"https:\/\/cctravel.dk\/blog\/#website"},"datePublished":"2019-01-04T08:45:59+00:00","dateModified":"2024-01-02T08:47:39+00:00","description":"C&C Travels verden er stor, og den bliver hele tiden st\u00f8rre, n\u00e5r vi kommer hjem fra nye eventyr. L\u00e6s alle vores rejseblogs her!","breadcrumb":{"@id":"https:\/\/cctravel.dk\/blog\/lande\/#breadcrumb"},"inLanguage":"da-DK","potentialAction":[{"@type":"ReadAction","target":["https:\/\/cctravel.dk\/blog\/lande\/"]}]},{"@type":"BreadcrumbList","@id":"https:\/\/cctravel.dk\/blog\/lande\/#breadcrumb","itemListElement":[{"@type":"ListItem","position":1,"name":"Blog","item":"https:\/\/cctravel.dk\/blog\/"},{"@type":"ListItem","position":2,"name":"Lande"}]},{"@type":"WebSite","@id":"https:\/\/cctravel.dk\/blog\/#website","url":"https:\/\/cctravel.dk\/blog\/","name":"C&amp;C Travel Blog","description":"Danmarks bedste rejseblog","potentialAction":[{"@type":"SearchAction","target":{"@type":"EntryPoint","urlTemplate":"https:\/\/cctravel.dk\/blog\/?s={search_term_string}"},"query-input":{"@type":"PropertyValueSpecification","valueRequired":true,"valueName":"search_term_string"}}],"inLanguage":"da-DK"}]}},"_links":{"self":[{"href":"https:\/\/cctravel.dk\/blog\/wp-json\/wp\/v2\/pages\/56","targetHints":{"allow":["GET"]}}],"collection":[{"href":"https:\/\/cctravel.dk\/blog\/wp-json\/wp\/v2\/pages"}],"about":[{"href":"https:\/\/cctravel.dk\/blog\/wp-json\/wp\/v2\/types\/page"}],"author":[{"embeddable":true,"href":"https:\/\/cctravel.dk\/blog\/wp-json\/wp\/v2\/users\/30"}],"replies":[{"embeddable":true,"href":"https:\/\/cctravel.dk\/blog\/wp-json\/wp\/v2\/comments?post=56"}],"version-history":[{"count":2,"href":"https:\/\/cctravel.dk\/blog\/wp-json\/wp\/v2\/pages\/56\/revisions"}],"predecessor-version":[{"id":652,"href":"https:\/\/cctravel.dk\/blog\/wp-json\/wp\/v2\/pages\/56\/revisions\/652"}],"wp:attachment":[{"href":"https:\/\/cctravel.dk\/blog\/wp-json\/wp\/v2\/media?parent=56"}],"curies":[{"name":"wp","href":"https:\/\/api.w.org\/{rel}","templated":true}]}}