{"id":66,"date":"2019-01-04T15:39:51","date_gmt":"2019-01-04T14:39:51","guid":{"rendered":"http:\/\/demo.denras.dk\/cctravel.dk\/blog\/?page_id=66"},"modified":"2024-02-09T13:22:59","modified_gmt":"2024-02-09T12:22:59","slug":"dine-favoritter","status":"publish","type":"page","link":"https:\/\/cctravel.dk\/blog\/dine-favoritter\/","title":{"rendered":"Favoritter"},"content":{"rendered":"\n<p>Her kan du se de blogs og forfattere, som du har\nstjernemarkeret. Det betyder, at du altid kan finde dem igen og f\u00f8lge med i,\nn\u00e5r vi udgiver nye, sp\u00e6ndende blogs. <\/p>\n\n\n\n<p>Hvis du ikke ser nogle indl\u00e6g, er det fordi, du ikke har\nvalgt nogen endnu. Det g\u00f8r du ved at trykke p\u00e5 det den lille stjerne p\u00e5\nblogindl\u00e6g og forfattere.<\/p>\n","protected":false},"excerpt":{"rendered":"<p>Her kan du se de blogs og forfattere, som du har stjernemarkeret. Det betyder, at du altid kan finde dem igen og f\u00f8lge med i, n\u00e5r vi udgiver nye, sp\u00e6ndende blogs. Hvis du ikke ser nogle indl\u00e6g, er det fordi, du ikke har valgt nogen endnu. Det g\u00f8r du ved [&hellip;]<\/p>\n","protected":false},"author":18,"featured_media":0,"parent":0,"menu_order":0,"comment_status":"closed","ping_status":"closed","template":"page-templates\/page-favorites.php","meta":{"_acf_changed":false,"footnotes":""},"class_list":["post-66","page","type-page","status-publish","hentry"],"acf":[],"yoast_head":"<!-- This site is optimized with the Yoast SEO Premium plugin v26.7 (Yoast SEO v27.4) - https:\/\/yoast.com\/product\/yoast-seo-premium-wordpress\/ -->\n<title>Favoritter - C&amp;C Travel Blog<\/title>\n<meta name=\"description\" content=\"Hvis du ikke ser nogle indl\u00e6g, er det fordi, du ikke har valgt nogen endnu. Det g\u00f8r du ved at trykke p\u00e5 det den lille stjerne p\u00e5 blogindl\u00e6g og forfattere.\" \/>\n<meta name=\"robots\" content=\"noindex, nofollow\" \/>\n<meta property=\"og:locale\" content=\"da_DK\" \/>\n<meta property=\"og:type\" content=\"article\" \/>\n<meta property=\"og:title\" content=\"Favoritter\" \/>\n<meta property=\"og:description\" content=\"Hvis du ikke ser nogle indl\u00e6g, er det fordi, du ikke har valgt nogen endnu. Det g\u00f8r du ved at trykke p\u00e5 det den lille stjerne p\u00e5 blogindl\u00e6g og forfattere.\" \/>\n<meta property=\"og:url\" content=\"https:\/\/cctravel.dk\/blog\/dine-favoritter\/\" \/>\n<meta property=\"og:site_name\" content=\"C&amp;C Travel Blog\" \/>\n<meta property=\"article:publisher\" content=\"https:\/\/www.facebook.com\/cctravel\" \/>\n<meta property=\"article:modified_time\" content=\"2024-02-09T12:22:59+00:00\" \/>\n<meta name=\"twitter:card\" content=\"summary_large_image\" \/>\n<meta name=\"twitter:label1\" content=\"Estimeret l\u00e6setid\" \/>\n\t<meta name=\"twitter:data1\" content=\"1 minut\" \/>\n<script type=\"application\/ld+json\" class=\"yoast-schema-graph\">{\"@context\":\"https:\\\/\\\/schema.org\",\"@graph\":[{\"@type\":\"WebPage\",\"@id\":\"https:\\\/\\\/cctravel.dk\\\/blog\\\/dine-favoritter\\\/\",\"url\":\"https:\\\/\\\/cctravel.dk\\\/blog\\\/dine-favoritter\\\/\",\"name\":\"Favoritter - C&amp;C Travel Blog\",\"isPartOf\":{\"@id\":\"https:\\\/\\\/cctravel.dk\\\/blog\\\/#website\"},\"datePublished\":\"2019-01-04T14:39:51+00:00\",\"dateModified\":\"2024-02-09T12:22:59+00:00\",\"description\":\"Hvis du ikke ser nogle indl\u00e6g, er det fordi, du ikke har valgt nogen endnu. Det g\u00f8r du ved at trykke p\u00e5 det den lille stjerne p\u00e5 blogindl\u00e6g og forfattere.\",\"breadcrumb\":{\"@id\":\"https:\\\/\\\/cctravel.dk\\\/blog\\\/dine-favoritter\\\/#breadcrumb\"},\"inLanguage\":\"da-DK\",\"potentialAction\":[{\"@type\":\"ReadAction\",\"target\":[\"https:\\\/\\\/cctravel.dk\\\/blog\\\/dine-favoritter\\\/\"]}]},{\"@type\":\"BreadcrumbList\",\"@id\":\"https:\\\/\\\/cctravel.dk\\\/blog\\\/dine-favoritter\\\/#breadcrumb\",\"itemListElement\":[{\"@type\":\"ListItem\",\"position\":1,\"name\":\"Blog\",\"item\":\"https:\\\/\\\/cctravel.dk\\\/blog\\\/\"},{\"@type\":\"ListItem\",\"position\":2,\"name\":\"Favoritter\"}]},{\"@type\":\"WebSite\",\"@id\":\"https:\\\/\\\/cctravel.dk\\\/blog\\\/#website\",\"url\":\"https:\\\/\\\/cctravel.dk\\\/blog\\\/\",\"name\":\"C&amp;C Travel Blog\",\"description\":\"Danmarks bedste rejseblog\",\"potentialAction\":[{\"@type\":\"SearchAction\",\"target\":{\"@type\":\"EntryPoint\",\"urlTemplate\":\"https:\\\/\\\/cctravel.dk\\\/blog\\\/?s={search_term_string}\"},\"query-input\":{\"@type\":\"PropertyValueSpecification\",\"valueRequired\":true,\"valueName\":\"search_term_string\"}}],\"inLanguage\":\"da-DK\"}]}<\/script>\n<!-- \/ Yoast SEO Premium plugin. -->","yoast_head_json":{"title":"Favoritter - C&amp;C Travel Blog","description":"Hvis du ikke ser nogle indl\u00e6g, er det fordi, du ikke har valgt nogen endnu. Det g\u00f8r du ved at trykke p\u00e5 det den lille stjerne p\u00e5 blogindl\u00e6g og forfattere.","robots":{"index":"noindex","follow":"nofollow"},"og_locale":"da_DK","og_type":"article","og_title":"Favoritter","og_description":"Hvis du ikke ser nogle indl\u00e6g, er det fordi, du ikke har valgt nogen endnu. Det g\u00f8r du ved at trykke p\u00e5 det den lille stjerne p\u00e5 blogindl\u00e6g og forfattere.","og_url":"https:\/\/cctravel.dk\/blog\/dine-favoritter\/","og_site_name":"C&amp;C Travel Blog","article_publisher":"https:\/\/www.facebook.com\/cctravel","article_modified_time":"2024-02-09T12:22:59+00:00","twitter_card":"summary_large_image","twitter_misc":{"Estimeret l\u00e6setid":"1 minut"},"schema":{"@context":"https:\/\/schema.org","@graph":[{"@type":"WebPage","@id":"https:\/\/cctravel.dk\/blog\/dine-favoritter\/","url":"https:\/\/cctravel.dk\/blog\/dine-favoritter\/","name":"Favoritter - C&amp;C Travel Blog","isPartOf":{"@id":"https:\/\/cctravel.dk\/blog\/#website"},"datePublished":"2019-01-04T14:39:51+00:00","dateModified":"2024-02-09T12:22:59+00:00","description":"Hvis du ikke ser nogle indl\u00e6g, er det fordi, du ikke har valgt nogen endnu. Det g\u00f8r du ved at trykke p\u00e5 det den lille stjerne p\u00e5 blogindl\u00e6g og forfattere.","breadcrumb":{"@id":"https:\/\/cctravel.dk\/blog\/dine-favoritter\/#breadcrumb"},"inLanguage":"da-DK","potentialAction":[{"@type":"ReadAction","target":["https:\/\/cctravel.dk\/blog\/dine-favoritter\/"]}]},{"@type":"BreadcrumbList","@id":"https:\/\/cctravel.dk\/blog\/dine-favoritter\/#breadcrumb","itemListElement":[{"@type":"ListItem","position":1,"name":"Blog","item":"https:\/\/cctravel.dk\/blog\/"},{"@type":"ListItem","position":2,"name":"Favoritter"}]},{"@type":"WebSite","@id":"https:\/\/cctravel.dk\/blog\/#website","url":"https:\/\/cctravel.dk\/blog\/","name":"C&amp;C Travel Blog","description":"Danmarks bedste rejseblog","potentialAction":[{"@type":"SearchAction","target":{"@type":"EntryPoint","urlTemplate":"https:\/\/cctravel.dk\/blog\/?s={search_term_string}"},"query-input":{"@type":"PropertyValueSpecification","valueRequired":true,"valueName":"search_term_string"}}],"inLanguage":"da-DK"}]}},"_links":{"self":[{"href":"https:\/\/cctravel.dk\/blog\/wp-json\/wp\/v2\/pages\/66","targetHints":{"allow":["GET"]}}],"collection":[{"href":"https:\/\/cctravel.dk\/blog\/wp-json\/wp\/v2\/pages"}],"about":[{"href":"https:\/\/cctravel.dk\/blog\/wp-json\/wp\/v2\/types\/page"}],"author":[{"embeddable":true,"href":"https:\/\/cctravel.dk\/blog\/wp-json\/wp\/v2\/users\/18"}],"replies":[{"embeddable":true,"href":"https:\/\/cctravel.dk\/blog\/wp-json\/wp\/v2\/comments?post=66"}],"version-history":[{"count":2,"href":"https:\/\/cctravel.dk\/blog\/wp-json\/wp\/v2\/pages\/66\/revisions"}],"predecessor-version":[{"id":656,"href":"https:\/\/cctravel.dk\/blog\/wp-json\/wp\/v2\/pages\/66\/revisions\/656"}],"wp:attachment":[{"href":"https:\/\/cctravel.dk\/blog\/wp-json\/wp\/v2\/media?parent=66"}],"curies":[{"name":"wp","href":"https:\/\/api.w.org\/{rel}","templated":true}]}}